{"id":1110,"date":"2022-01-03T15:38:05","date_gmt":"2022-01-03T15:38:05","guid":{"rendered":"https:\/\/restaurant-nord.ro\/?page_id=1110"},"modified":"2022-01-03T19:55:45","modified_gmt":"2022-01-03T19:55:45","slug":"desprenoi","status":"publish","type":"page","link":"https:\/\/restaurant-nord.ro\/index.php\/desprenoi\/","title":{"rendered":"Despre noi"},"content":{"rendered":"\t\t<div data-elementor-type=\"wp-page\" data-elementor-id=\"1110\" class=\"elementor elementor-1110\" data-elementor-settings=\"[]\">\n\t\t\t\t\t\t\t<div class=\"elementor-section-wrap\">\n\t\t\t\t\t\t\t<section class=\"elementor-section elementor-top-section elementor-element elementor-element-8c53908 elementor-section-height-min-height elementor-section-content-bottom elementor-section-items-bottom elementor-section-boxed elementor-section-height-default\" data-id=\"8c53908\" data-element_type=\"section\" data-settings=\"{&quot;background_background&quot;:&quot;classic&quot;,&quot;animation&quot;:&quot;none&quot;}\">\n\t\t\t\t\t\t\t<div class=\"elementor-background-overlay\"><\/div>\n\t\t\t\t\t\t\t<div class=\"elementor-container elementor-column-gap-no\">\n\t\t\t\t\t<div class=\"elementor-column elementor-col-100 elementor-top-column elementor-element elementor-element-42d0a3d\" data-id=\"42d0a3d\" data-element_type=\"column\">\n\t\t\t<div class=\"elementor-widget-wrap elementor-element-populated\">\n\t\t\t\t\t\t\t\t<div class=\"elementor-element elementor-element-291ffa8 elementor-absolute elementor-widget elementor-widget-heading\" data-id=\"291ffa8\" data-element_type=\"widget\" data-settings=\"{&quot;_position&quot;:&quot;absolute&quot;}\" data-widget_type=\"heading.default\">\n\t\t\t\t<div class=\"elementor-widget-container\">\n\t\t\t<style>\/*! elementor - v3.5.3 - 28-12-2021 *\/\n.elementor-heading-title{padding:0;margin:0;line-height:1}.elementor-widget-heading .elementor-heading-title[class*=elementor-size-]>a{color:inherit;font-size:inherit;line-height:inherit}.elementor-widget-heading .elementor-heading-title.elementor-size-small{font-size:15px}.elementor-widget-heading .elementor-heading-title.elementor-size-medium{font-size:19px}.elementor-widget-heading .elementor-heading-title.elementor-size-large{font-size:29px}.elementor-widget-heading .elementor-heading-title.elementor-size-xl{font-size:39px}.elementor-widget-heading .elementor-heading-title.elementor-size-xxl{font-size:59px}<\/style><h1 class=\"elementor-heading-title elementor-size-default\">Despre noi<\/h1>\t\t<\/div>\n\t\t\t\t<\/div>\n\t\t\t\t\t<\/div>\n\t\t<\/div>\n\t\t\t\t\t\t\t<\/div>\n\t\t<\/section>\n\t\t\t\t<section class=\"elementor-section elementor-top-section elementor-element elementor-element-a59ed8a elementor-section-boxed elementor-section-height-default elementor-section-height-default\" data-id=\"a59ed8a\" data-element_type=\"section\" data-settings=\"{&quot;background_background&quot;:&quot;classic&quot;}\">\n\t\t\t\t\t\t\t<div class=\"elementor-background-overlay\"><\/div>\n\t\t\t\t\t\t\t<div class=\"elementor-container elementor-column-gap-no\">\n\t\t\t\t\t<div class=\"elementor-column elementor-col-100 elementor-top-column elementor-element elementor-element-ada9781\" data-id=\"ada9781\" data-element_type=\"column\">\n\t\t\t<div class=\"elementor-widget-wrap elementor-element-populated\">\n\t\t\t\t\t\t\t\t<div class=\"elementor-element elementor-element-7cafc2c elementor-widget elementor-widget-heading\" data-id=\"7cafc2c\" data-element_type=\"widget\" data-widget_type=\"heading.default\">\n\t\t\t\t<div class=\"elementor-widget-container\">\n\t\t\t<h3 class=\"elementor-heading-title elementor-size-default\">Cu o tradi\u021bie de peste un sfert de secol, RESTAURANTUL NORD se identific\u0103 \u00een mod special cu istoria recent\u0103 a Caransebe\u0219ului, fiind locul amintirilor fiec\u0103ruia dintre noi. In decursul existen\u021bei sale, Restaurantul Nord a evoluat continuu, reu\u0219ind s\u0103 surprind\u0103 prin capacitatea de a se adapta la nou, f\u0103r\u0103 a renun\u021ba \u00eens\u0103 la nota sa original\u0103, care \u00eel face un spa\u021biu unic, foarte bine definit \u00een cadrul localurilor caransebe\u0219ene.<\/h3>\t\t<\/div>\n\t\t\t\t<\/div>\n\t\t\t\t\t<\/div>\n\t\t<\/div>\n\t\t\t\t\t\t\t<\/div>\n\t\t<\/section>\n\t\t\t\t<section class=\"elementor-section elementor-top-section elementor-element elementor-element-799ee65 elementor-section-boxed elementor-section-height-default elementor-section-height-default\" data-id=\"799ee65\" data-element_type=\"section\">\n\t\t\t\t\t\t<div class=\"elementor-container elementor-column-gap-default\">\n\t\t\t\t\t<div class=\"elementor-column elementor-col-100 elementor-top-column elementor-element elementor-element-b9c5b54\" data-id=\"b9c5b54\" data-element_type=\"column\">\n\t\t\t<div class=\"elementor-widget-wrap elementor-element-populated\">\n\t\t\t\t\t\t\t\t<div class=\"elementor-element elementor-element-391f4e4 elementor-widget elementor-widget-image\" data-id=\"391f4e4\" data-element_type=\"widget\" data-widget_type=\"image.default\">\n\t\t\t\t<div class=\"elementor-widget-container\">\n\t\t\t<style>\/*! elementor - v3.5.3 - 28-12-2021 *\/\n.elementor-widget-image{text-align:center}.elementor-widget-image a{display:inline-block}.elementor-widget-image a img[src$=\".svg\"]{width:48px}.elementor-widget-image img{vertical-align:middle;display:inline-block}<\/style>\t\t\t\t\t\t\t\t\t\t\t\t<img loading=\"lazy\" decoding=\"async\" width=\"150\" height=\"150\" src=\"https:\/\/restaurant-nord.ro\/wp-content\/uploads\/2022\/01\/gold-1-150x150.png\" class=\"attachment-thumbnail size-thumbnail\" alt=\"\" srcset=\"https:\/\/restaurant-nord.ro\/wp-content\/uploads\/2022\/01\/gold-1-150x150.png 150w, https:\/\/restaurant-nord.ro\/wp-content\/uploads\/2022\/01\/gold-1-300x300.png 300w, https:\/\/restaurant-nord.ro\/wp-content\/uploads\/2022\/01\/gold-1.png 360w\" sizes=\"auto, (max-width: 150px) 100vw, 150px\" \/>\t\t\t\t\t\t\t\t\t\t\t\t\t\t\t<\/div>\n\t\t\t\t<\/div>\n\t\t\t\t\t<\/div>\n\t\t<\/div>\n\t\t\t\t\t\t\t<\/div>\n\t\t<\/section>\n\t\t\t\t<section class=\"elementor-section elementor-top-section elementor-element elementor-element-508b690 elementor-section-boxed elementor-section-height-default elementor-section-height-default\" data-id=\"508b690\" data-element_type=\"section\" data-settings=\"{&quot;background_background&quot;:&quot;classic&quot;}\">\n\t\t\t\t\t\t\t<div class=\"elementor-background-overlay\"><\/div>\n\t\t\t\t\t\t\t<div class=\"elementor-container elementor-column-gap-no\">\n\t\t\t\t\t<div class=\"elementor-column elementor-col-100 elementor-top-column elementor-element elementor-element-0652770\" data-id=\"0652770\" data-element_type=\"column\">\n\t\t\t<div class=\"elementor-widget-wrap elementor-element-populated\">\n\t\t\t\t\t\t\t\t<div class=\"elementor-element elementor-element-3bbb98d elementor-widget elementor-widget-heading\" data-id=\"3bbb98d\" data-element_type=\"widget\" data-widget_type=\"heading.default\">\n\t\t\t\t<div class=\"elementor-widget-container\">\n\t\t\t<h3 class=\"elementor-heading-title elementor-size-default\">Cele dou\u0103 s\u0103li festive au capacitatea de a g\u0103zdui evenimente importante - nun\u021bi, botezuri, majorate, petreceri de Revelion sau de 8 Martie. \nCeea ce recomand\u0103 aceste restaurante este calitatea serviciilor, marca \"Ga\u0219par\", binecunoscut\u0103 \u00een \u00eentreaga regiune. Decorul s\u0103rb\u0103toresc, personalul binevoitor, meniul ce \u00eenc\u00e2nt\u0103 privirea \u0219i gustul, cur\u0103\u021benia b\u0103ilor, toate acestea reprezint\u0103 condi\u021bii pe care localul le \u00eendepline\u0219te, satisf\u0103c\u00e2nd astfel toate exigen\u021bele oaspe\u021bilor.<\/h3>\t\t<\/div>\n\t\t\t\t<\/div>\n\t\t\t\t\t<\/div>\n\t\t<\/div>\n\t\t\t\t\t\t\t<\/div>\n\t\t<\/section>\n\t\t\t\t\t\t<\/div>\n\t\t\t\t\t<\/div>\n\t\t","protected":false},"excerpt":{"rendered":"<p>Despre noi Cu o tradi\u021bie de peste un sfert de secol, RESTAURANTUL NORD se identific\u0103 \u00een mod special cu istoria recent\u0103 a Caransebe\u0219ului, fiind locul amintirilor fiec\u0103ruia dintre noi. In decursul existen\u021bei sale, Restaurantul Nord a evoluat continuu, reu\u0219ind s\u0103 surprind\u0103 prin capacitatea de a se adapta la nou, f\u0103r\u0103 a renun\u021ba \u00eens\u0103 la nota &hellip;<\/p>\n<p class=\"read-more\"> <a class=\"\" href=\"https:\/\/restaurant-nord.ro\/index.php\/desprenoi\/\"> <span class=\"screen-reader-text\">Despre noi<\/span> Read More &raquo;<\/a><\/p>\n","protected":false},"author":1,"featured_media":0,"parent":0,"menu_order":0,"comment_status":"closed","ping_status":"closed","template":"","meta":{"site-sidebar-layout":"no-sidebar","site-content-layout":"page-builder","ast-main-header-display":"","ast-hfb-above-header-display":"","ast-hfb-below-header-display":"","ast-hfb-mobile-header-display":"","site-post-title":"disabled","ast-breadcrumbs-content":"disabled","ast-featured-img":"disabled","footer-sml-layout":"","theme-transparent-header-meta":"enabled","adv-header-id-meta":"","stick-header-meta":"","header-above-stick-meta":"","header-main-stick-meta":"","header-below-stick-meta":"","footnotes":""},"class_list":["post-1110","page","type-page","status-publish","hentry"],"yoast_head":"<!-- This site is optimized with the Yoast SEO plugin v17.8 - https:\/\/yoast.com\/wordpress\/plugins\/seo\/ -->\n<title>Despre noi - Restaurant Nord<\/title>\n<meta name=\"robots\" content=\"index, follow, max-snippet:-1, max-image-preview:large, max-video-preview:-1\" \/>\n<link rel=\"canonical\" href=\"https:\/\/restaurant-nord.ro\/index.php\/desprenoi\/\" \/>\n<meta property=\"og:locale\" content=\"en_US\" \/>\n<meta property=\"og:type\" content=\"article\" \/>\n<meta property=\"og:title\" content=\"Despre noi - Restaurant Nord\" \/>\n<meta property=\"og:description\" content=\"Despre noi Cu o tradi\u021bie de peste un sfert de secol, RESTAURANTUL NORD se identific\u0103 \u00een mod special cu istoria recent\u0103 a Caransebe\u0219ului, fiind locul amintirilor fiec\u0103ruia dintre noi. In decursul existen\u021bei sale, Restaurantul Nord a evoluat continuu, reu\u0219ind s\u0103 surprind\u0103 prin capacitatea de a se adapta la nou, f\u0103r\u0103 a renun\u021ba \u00eens\u0103 la nota &hellip; Despre noi Read More &raquo;\" \/>\n<meta property=\"og:url\" content=\"https:\/\/restaurant-nord.ro\/index.php\/desprenoi\/\" \/>\n<meta property=\"og:site_name\" content=\"Restaurant Nord\" \/>\n<meta property=\"article:modified_time\" content=\"2022-01-03T19:55:45+00:00\" \/>\n<meta property=\"og:image\" content=\"https:\/\/restaurant-nord.ro\/wp-content\/uploads\/2022\/01\/gold-1-150x150.png\" \/>\n<meta name=\"twitter:card\" content=\"summary_large_image\" \/>\n<meta name=\"twitter:label1\" content=\"Est. reading time\" \/>\n\t<meta name=\"twitter:data1\" content=\"2 minutes\" \/>\n<script type=\"application\/ld+json\" class=\"yoast-schema-graph\">{\"@context\":\"https:\/\/schema.org\",\"@graph\":[{\"@type\":\"WebSite\",\"@id\":\"https:\/\/restaurant-nord.ro\/#website\",\"url\":\"https:\/\/restaurant-nord.ro\/\",\"name\":\"Restaurant Nord\",\"description\":\"Restaurant Nord Caransebes - Cele mai frumoase evenimente\",\"potentialAction\":[{\"@type\":\"SearchAction\",\"target\":{\"@type\":\"EntryPoint\",\"urlTemplate\":\"https:\/\/restaurant-nord.ro\/?s={search_term_string}\"},\"query-input\":\"required name=search_term_string\"}],\"inLanguage\":\"en-US\"},{\"@type\":\"ImageObject\",\"@id\":\"https:\/\/restaurant-nord.ro\/index.php\/desprenoi\/#primaryimage\",\"inLanguage\":\"en-US\",\"url\":\"https:\/\/restaurant-nord.ro\/wp-content\/uploads\/2022\/01\/gold-1.png\",\"contentUrl\":\"https:\/\/restaurant-nord.ro\/wp-content\/uploads\/2022\/01\/gold-1.png\",\"width\":360,\"height\":360},{\"@type\":\"WebPage\",\"@id\":\"https:\/\/restaurant-nord.ro\/index.php\/desprenoi\/#webpage\",\"url\":\"https:\/\/restaurant-nord.ro\/index.php\/desprenoi\/\",\"name\":\"Despre noi - Restaurant Nord\",\"isPartOf\":{\"@id\":\"https:\/\/restaurant-nord.ro\/#website\"},\"primaryImageOfPage\":{\"@id\":\"https:\/\/restaurant-nord.ro\/index.php\/desprenoi\/#primaryimage\"},\"datePublished\":\"2022-01-03T15:38:05+00:00\",\"dateModified\":\"2022-01-03T19:55:45+00:00\",\"breadcrumb\":{\"@id\":\"https:\/\/restaurant-nord.ro\/index.php\/desprenoi\/#breadcrumb\"},\"inLanguage\":\"en-US\",\"potentialAction\":[{\"@type\":\"ReadAction\",\"target\":[\"https:\/\/restaurant-nord.ro\/index.php\/desprenoi\/\"]}]},{\"@type\":\"BreadcrumbList\",\"@id\":\"https:\/\/restaurant-nord.ro\/index.php\/desprenoi\/#breadcrumb\",\"itemListElement\":[{\"@type\":\"ListItem\",\"position\":1,\"name\":\"Home\",\"item\":\"https:\/\/restaurant-nord.ro\/\"},{\"@type\":\"ListItem\",\"position\":2,\"name\":\"Despre noi\"}]}]}<\/script>\n<!-- \/ Yoast SEO plugin. -->","yoast_head_json":{"title":"Despre noi - Restaurant Nord","robots":{"index":"index","follow":"follow","max-snippet":"max-snippet:-1","max-image-preview":"max-image-preview:large","max-video-preview":"max-video-preview:-1"},"canonical":"https:\/\/restaurant-nord.ro\/index.php\/desprenoi\/","og_locale":"en_US","og_type":"article","og_title":"Despre noi - Restaurant Nord","og_description":"Despre noi Cu o tradi\u021bie de peste un sfert de secol, RESTAURANTUL NORD se identific\u0103 \u00een mod special cu istoria recent\u0103 a Caransebe\u0219ului, fiind locul amintirilor fiec\u0103ruia dintre noi. In decursul existen\u021bei sale, Restaurantul Nord a evoluat continuu, reu\u0219ind s\u0103 surprind\u0103 prin capacitatea de a se adapta la nou, f\u0103r\u0103 a renun\u021ba \u00eens\u0103 la nota &hellip; Despre noi Read More &raquo;","og_url":"https:\/\/restaurant-nord.ro\/index.php\/desprenoi\/","og_site_name":"Restaurant Nord","article_modified_time":"2022-01-03T19:55:45+00:00","og_image":[{"url":"https:\/\/restaurant-nord.ro\/wp-content\/uploads\/2022\/01\/gold-1-150x150.png"}],"twitter_card":"summary_large_image","twitter_misc":{"Est. reading time":"2 minutes"},"schema":{"@context":"https:\/\/schema.org","@graph":[{"@type":"WebSite","@id":"https:\/\/restaurant-nord.ro\/#website","url":"https:\/\/restaurant-nord.ro\/","name":"Restaurant Nord","description":"Restaurant Nord Caransebes - Cele mai frumoase evenimente","potentialAction":[{"@type":"SearchAction","target":{"@type":"EntryPoint","urlTemplate":"https:\/\/restaurant-nord.ro\/?s={search_term_string}"},"query-input":"required name=search_term_string"}],"inLanguage":"en-US"},{"@type":"ImageObject","@id":"https:\/\/restaurant-nord.ro\/index.php\/desprenoi\/#primaryimage","inLanguage":"en-US","url":"https:\/\/restaurant-nord.ro\/wp-content\/uploads\/2022\/01\/gold-1.png","contentUrl":"https:\/\/restaurant-nord.ro\/wp-content\/uploads\/2022\/01\/gold-1.png","width":360,"height":360},{"@type":"WebPage","@id":"https:\/\/restaurant-nord.ro\/index.php\/desprenoi\/#webpage","url":"https:\/\/restaurant-nord.ro\/index.php\/desprenoi\/","name":"Despre noi - Restaurant Nord","isPartOf":{"@id":"https:\/\/restaurant-nord.ro\/#website"},"primaryImageOfPage":{"@id":"https:\/\/restaurant-nord.ro\/index.php\/desprenoi\/#primaryimage"},"datePublished":"2022-01-03T15:38:05+00:00","dateModified":"2022-01-03T19:55:45+00:00","breadcrumb":{"@id":"https:\/\/restaurant-nord.ro\/index.php\/desprenoi\/#breadcrumb"},"inLanguage":"en-US","potentialAction":[{"@type":"ReadAction","target":["https:\/\/restaurant-nord.ro\/index.php\/desprenoi\/"]}]},{"@type":"BreadcrumbList","@id":"https:\/\/restaurant-nord.ro\/index.php\/desprenoi\/#breadcrumb","itemListElement":[{"@type":"ListItem","position":1,"name":"Home","item":"https:\/\/restaurant-nord.ro\/"},{"@type":"ListItem","position":2,"name":"Despre noi"}]}]}},"_links":{"self":[{"href":"https:\/\/restaurant-nord.ro\/index.php\/wp-json\/wp\/v2\/pages\/1110","targetHints":{"allow":["GET"]}}],"collection":[{"href":"https:\/\/restaurant-nord.ro\/index.php\/wp-json\/wp\/v2\/pages"}],"about":[{"href":"https:\/\/restaurant-nord.ro\/index.php\/wp-json\/wp\/v2\/types\/page"}],"author":[{"embeddable":true,"href":"https:\/\/restaurant-nord.ro\/index.php\/wp-json\/wp\/v2\/users\/1"}],"replies":[{"embeddable":true,"href":"https:\/\/restaurant-nord.ro\/index.php\/wp-json\/wp\/v2\/comments?post=1110"}],"version-history":[{"count":56,"href":"https:\/\/restaurant-nord.ro\/index.php\/wp-json\/wp\/v2\/pages\/1110\/revisions"}],"predecessor-version":[{"id":1382,"href":"https:\/\/restaurant-nord.ro\/index.php\/wp-json\/wp\/v2\/pages\/1110\/revisions\/1382"}],"wp:attachment":[{"href":"https:\/\/restaurant-nord.ro\/index.php\/wp-json\/wp\/v2\/media?parent=1110"}],"curies":[{"name":"wp","href":"https:\/\/api.w.org\/{rel}","templated":true}]}}